{"id":20079,"date":"2023-01-31T19:23:28","date_gmt":"2023-01-31T17:23:28","guid":{"rendered":"https:\/\/www.emmanuelastier.com\/?page_id=20079"},"modified":"2023-01-31T19:28:47","modified_gmt":"2023-01-31T17:28:47","slug":"byonalis-loutil-de-test-a-distance-gratuit","status":"publish","type":"page","link":"https:\/\/www.emmanuelastier.com\/index.php\/sante-naturelle-integrative\/byonalis-loutil-de-test-a-distance-gratuit\/","title":{"rendered":"Byonalis , l&rsquo;outil de test \u00e0 distance &#8230; gratuit !"},"content":{"rendered":"\n<h2 class=\"wp-block-heading\">Bienvenue sur la plateforme BIONALYS\u00ae.<\/h2>\n\n\n\n<h3 class=\"wp-block-heading\">BIONALYS\u00ae, un outil complet et sur mesure permettant de d\u00e9terminer votre profil bionutritionnel.<\/h3>\n\n\n\n<p>BIONALYS\u00ae est une plateforme num\u00e9rique personnalis\u00e9e, facile d\u2019utilisation et accessible 7j\/7, 24h\/24. Cet outil me permet:<\/p>\n\n\n\n<ul class=\"wp-block-list\">\n<li>D\u2019analyser votre profil via un questionnaire complet.<\/li>\n\n\n\n<li>D\u2019identifier facilement vos terrains dysfonctionnels, carenc\u00e9s ou en exc\u00e8s.<\/li>\n\n\n\n<li>D\u2019analyser les causes de vos diff\u00e9rents troubles et de vous donner des conseils hygi\u00e9no-di\u00e9t\u00e9tiques personnalis\u00e9s.<\/li>\n\n\n\n<li>Bien sur , cela ne remplace pas notre rendez-vous en cabinet ou par Whatsapp , en fran\u00e7ais ou en anglais &#8230; mais il me permet de commencer \u00e0 r\u00e9fl\u00e9chir aux \u00ab\u00a0pistes\u00a0\u00bb que je vais devoir explorer avec vous afin de vous permettre un retour en sant\u00e9 !<\/li>\n\n\n\n<li>C&rsquo;est un outil totalement gratuit !<\/li>\n\n\n\n<li><\/li>\n<\/ul>\n\n\n\n<figure class=\"wp-block-image size-large\"><img data-recalc-dims=\"1\" loading=\"lazy\" decoding=\"async\" width=\"700\" height=\"172\" data-attachment-id=\"20081\" data-permalink=\"https:\/\/www.emmanuelastier.com\/index.php\/sante-naturelle-integrative\/byonalis-loutil-de-test-a-distance-gratuit\/banniere-site-emmanuelastier-wp-2\/\" data-orig-file=\"https:\/\/i0.wp.com\/www.emmanuelastier.com\/wp-content\/uploads\/2023\/01\/Banniere-site-emmanuelastier-WP.jpg?fit=1500%2C368&amp;ssl=1\" data-orig-size=\"1500,368\" data-comments-opened=\"1\" data-image-meta=\"{&quot;aperture&quot;:&quot;0&quot;,&quot;credit&quot;:&quot;&quot;,&quot;camera&quot;:&quot;&quot;,&quot;caption&quot;:&quot;&quot;,&quot;created_timestamp&quot;:&quot;0&quot;,&quot;copyright&quot;:&quot;&quot;,&quot;focal_length&quot;:&quot;0&quot;,&quot;iso&quot;:&quot;0&quot;,&quot;shutter_speed&quot;:&quot;0&quot;,&quot;title&quot;:&quot;&quot;,&quot;orientation&quot;:&quot;1&quot;}\" data-image-title=\"Banniere-site-emmanuelastier-WP\" data-image-description=\"\" data-image-caption=\"\" data-large-file=\"https:\/\/i0.wp.com\/www.emmanuelastier.com\/wp-content\/uploads\/2023\/01\/Banniere-site-emmanuelastier-WP.jpg?fit=700%2C172&amp;ssl=1\" src=\"https:\/\/i0.wp.com\/www.emmanuelastier.com\/wp-content\/uploads\/2023\/01\/Banniere-site-emmanuelastier-WP.jpg?resize=700%2C172&#038;ssl=1\" alt=\"\" class=\"wp-image-20081\" srcset=\"https:\/\/i0.wp.com\/www.emmanuelastier.com\/wp-content\/uploads\/2023\/01\/Banniere-site-emmanuelastier-WP.jpg?resize=1024%2C251&amp;ssl=1 1024w, https:\/\/i0.wp.com\/www.emmanuelastier.com\/wp-content\/uploads\/2023\/01\/Banniere-site-emmanuelastier-WP.jpg?resize=300%2C74&amp;ssl=1 300w, https:\/\/i0.wp.com\/www.emmanuelastier.com\/wp-content\/uploads\/2023\/01\/Banniere-site-emmanuelastier-WP.jpg?resize=768%2C188&amp;ssl=1 768w, https:\/\/i0.wp.com\/www.emmanuelastier.com\/wp-content\/uploads\/2023\/01\/Banniere-site-emmanuelastier-WP.jpg?resize=600%2C147&amp;ssl=1 600w, https:\/\/i0.wp.com\/www.emmanuelastier.com\/wp-content\/uploads\/2023\/01\/Banniere-site-emmanuelastier-WP.jpg?w=1500&amp;ssl=1 1500w, https:\/\/i0.wp.com\/www.emmanuelastier.com\/wp-content\/uploads\/2023\/01\/Banniere-site-emmanuelastier-WP.jpg?w=1400&amp;ssl=1 1400w\" sizes=\"auto, (max-width: 700px) 100vw, 700px\" \/><\/figure>\n\n\n\n<h3 class=\"wp-block-heading\">Vous \u00eates un particulier et vous souhaitez faire votre bilan BIONALYS\u00ae ?<\/h3>\n\n\n\n<p>Le questionnaire BIONALYS\u00ae doit \u00eatre r\u00e9alis\u00e9 par l&rsquo;interm\u00e9diaire de mon cabinet de conseils en sant\u00e9 naturelle , cela me permettra d\u2019interpr\u00e9ter vos r\u00e9sultats et je pourrais ainsi vous proposer une prise en charge personnalis\u00e9e et adapt\u00e9e \u00e0 vos besoins.<\/p>\n\n\n\n<p>Pour cela , \u00e9crivez moi via le formulaire de contact ci dessous afin que je vous renvoie votre lien personnel et individualis\u00e9 , vous permettant de vous connecter en toute s\u00e9curit\u00e9 et de mani\u00e8re priv\u00e9e &#8230;<\/p>\n\n\n\n<p>Remplissez le questionnaire Byonalis , d\u00e8s r\u00e9ception , je reviendrais vers vous avec vos r\u00e9sultats !<\/p>\n\n\n\n<p><\/p>\n\n\n\n<div class=\"wp-block-contact-form-7-contact-form-selector\">\n<div class=\"wpcf7 no-js\" id=\"wpcf7-f12236-o1\" lang=\"fr-FR\" dir=\"ltr\" data-wpcf7-id=\"12236\">\n<div class=\"screen-reader-response\"><p role=\"status\" aria-live=\"polite\" aria-atomic=\"true\"><\/p> <ul><\/ul><\/div>\n<form action=\"\/index.php\/wp-json\/wp\/v2\/pages\/20079#wpcf7-f12236-o1\" method=\"post\" class=\"wpcf7-form init\" aria-label=\"Formulaire de contact\" novalidate=\"novalidate\" data-status=\"init\">\n<fieldset class=\"hidden-fields-container\"><input type=\"hidden\" name=\"_wpcf7\" value=\"12236\" \/><input type=\"hidden\" name=\"_wpcf7_version\" value=\"6.1.5\" \/><input type=\"hidden\" name=\"_wpcf7_locale\" value=\"fr_FR\" \/><input type=\"hidden\" name=\"_wpcf7_unit_tag\" value=\"wpcf7-f12236-o1\" \/><input type=\"hidden\" name=\"_wpcf7_container_post\" value=\"0\" \/><input type=\"hidden\" name=\"_wpcf7_posted_data_hash\" value=\"\" \/><input type=\"hidden\" name=\"_wpcf7_recaptcha_response\" value=\"\" \/>\n<\/fieldset>\n<p><label> Votre nom (obligatoire)<br \/>\n<span class=\"wpcf7-form-control-wrap\" data-name=\"your-name\"><input size=\"40\" maxlength=\"400\" class=\"wpcf7-form-control wpcf7-text wpcf7-validates-as-required\" aria-required=\"true\" aria-invalid=\"false\" value=\"\" type=\"text\" name=\"your-name\" \/><\/span> <\/label>\n<\/p>\n<p><label> Votre adresse de messagerie (obligatoire)<br \/>\n<span class=\"wpcf7-form-control-wrap\" data-name=\"your-email\"><input size=\"40\" maxlength=\"400\" class=\"wpcf7-form-control wpcf7-email wpcf7-validates-as-required wpcf7-text wpcf7-validates-as-email\" aria-required=\"true\" aria-invalid=\"false\" value=\"\" type=\"email\" name=\"your-email\" \/><\/span> <\/label>\n<\/p>\n<p><label> Objet<br \/>\n<span class=\"wpcf7-form-control-wrap\" data-name=\"your-subject\"><input size=\"40\" maxlength=\"400\" class=\"wpcf7-form-control wpcf7-text\" aria-invalid=\"false\" value=\"\" type=\"text\" name=\"your-subject\" \/><\/span> <\/label>\n<\/p>\n<p><label> Votre message<br \/>\n<span class=\"wpcf7-form-control-wrap\" data-name=\"your-message\"><textarea cols=\"40\" rows=\"10\" maxlength=\"2000\" class=\"wpcf7-form-control wpcf7-textarea\" aria-invalid=\"false\" name=\"your-message\"><\/textarea><\/span> <\/label>\n<\/p>\n<p><span class=\"wpcf7-form-control-wrap\" data-name=\"Mercidecocherlacasesivousacceptezdevousinscrire\"><span class=\"wpcf7-form-control wpcf7-checkbox wpcf7-validates-as-required\"><\/span><\/span>\n<\/p>\n<p><span class=\"wpcf7-form-control-wrap\" data-name=\"acceptance-345\"><span class=\"wpcf7-form-control wpcf7-acceptance\"><span class=\"wpcf7-list-item\"><label><input type=\"checkbox\" name=\"acceptance-345\" value=\"1\" checked=\"checked\" aria-invalid=\"false\" \/><span class=\"wpcf7-list-item-label\">Merci de cocher cette case pour \u00eatre en conformit\u00e9 avec la l\u00e9gislation RGPD<\/span><\/label><\/span><\/span><\/span>\n<\/p>\n\n<p><input class=\"wpcf7-form-control wpcf7-submit has-spinner\" type=\"submit\" value=\"Envoyer\" \/>\n<\/p><p style=\"display: none !important;\" class=\"akismet-fields-container\" data-prefix=\"_wpcf7_ak_\"><label>&#916;<textarea name=\"_wpcf7_ak_hp_textarea\" cols=\"45\" rows=\"8\" maxlength=\"100\"><\/textarea><\/label><input type=\"hidden\" id=\"ak_js_1\" name=\"_wpcf7_ak_js\" value=\"152\"\/><script type=\"text\/javascript\">\n\/* <![CDATA[ *\/\ndocument.getElementById( \"ak_js_1\" ).setAttribute( \"value\", ( new Date() ).getTime() );\n\/* ]]> *\/\n<\/script>\n<\/p><div class=\"wpcf7-response-output\" aria-hidden=\"true\"><\/div>\n<\/form>\n<\/div>\n<\/div>\n","protected":false},"excerpt":{"rendered":"<p>Bienvenue sur la plateforme BIONALYS\u00ae. BIONALYS\u00ae, un outil complet et sur mesure permettant de d\u00e9terminer votre profil bionutritionnel. BIONALYS\u00ae est une plateforme num\u00e9rique personnalis\u00e9e, facile d\u2019utilisation et accessible 7j\/7, 24h\/24. Cet outil me permet: Vous \u00eates un particulier et vous&hellip; <\/p>\n","protected":false},"author":1,"featured_media":20080,"parent":174,"menu_order":1,"comment_status":"closed","ping_status":"closed","template":"","meta":{"_uag_custom_page_level_css":"","_mbp_gutenberg_autopost":false,"jetpack_post_was_ever_published":false,"footnotes":""},"class_list":["post-20079","page","type-page","status-publish","has-post-thumbnail","hentry"],"uagb_featured_image_src":{"full":["https:\/\/i0.wp.com\/www.emmanuelastier.com\/wp-content\/uploads\/2023\/01\/logo-BIONALYS-copmed.png?fit=158%2C158&ssl=1",158,158,false],"thumbnail":["https:\/\/i0.wp.com\/www.emmanuelastier.com\/wp-content\/uploads\/2023\/01\/logo-BIONALYS-copmed.png?resize=150%2C150&ssl=1",150,150,true],"medium":["https:\/\/i0.wp.com\/www.emmanuelastier.com\/wp-content\/uploads\/2023\/01\/logo-BIONALYS-copmed.png?fit=158%2C158&ssl=1",158,158,true],"medium_large":["https:\/\/i0.wp.com\/www.emmanuelastier.com\/wp-content\/uploads\/2023\/01\/logo-BIONALYS-copmed.png?fit=158%2C158&ssl=1",158,158,true],"large":["https:\/\/i0.wp.com\/www.emmanuelastier.com\/wp-content\/uploads\/2023\/01\/logo-BIONALYS-copmed.png?fit=158%2C158&ssl=1",158,158,true],"1536x1536":["https:\/\/i0.wp.com\/www.emmanuelastier.com\/wp-content\/uploads\/2023\/01\/logo-BIONALYS-copmed.png?fit=158%2C158&ssl=1",158,158,true],"2048x2048":["https:\/\/i0.wp.com\/www.emmanuelastier.com\/wp-content\/uploads\/2023\/01\/logo-BIONALYS-copmed.png?fit=158%2C158&ssl=1",158,158,true],"pgmb-post-image":["https:\/\/i0.wp.com\/www.emmanuelastier.com\/wp-content\/uploads\/2023\/01\/logo-BIONALYS-copmed.png?resize=158%2C158&ssl=1",158,158,true],"travelify-featured":["https:\/\/i0.wp.com\/www.emmanuelastier.com\/wp-content\/uploads\/2023\/01\/logo-BIONALYS-copmed.png?resize=158%2C158&ssl=1",158,158,true],"travelify-featured-medium":["https:\/\/i0.wp.com\/www.emmanuelastier.com\/wp-content\/uploads\/2023\/01\/logo-BIONALYS-copmed.png?resize=158%2C158&ssl=1",158,158,true],"travelify-slider":["https:\/\/i0.wp.com\/www.emmanuelastier.com\/wp-content\/uploads\/2023\/01\/logo-BIONALYS-copmed.png?resize=158%2C158&ssl=1",158,158,true],"travelify-gallery":["https:\/\/i0.wp.com\/www.emmanuelastier.com\/wp-content\/uploads\/2023\/01\/logo-BIONALYS-copmed.png?resize=158%2C158&ssl=1",158,158,true],"woocommerce_thumbnail":["https:\/\/i0.wp.com\/www.emmanuelastier.com\/wp-content\/uploads\/2023\/01\/logo-BIONALYS-copmed.png?fit=158%2C158&ssl=1",158,158,true],"woocommerce_single":["https:\/\/i0.wp.com\/www.emmanuelastier.com\/wp-content\/uploads\/2023\/01\/logo-BIONALYS-copmed.png?fit=158%2C158&ssl=1",158,158,true],"woocommerce_gallery_thumbnail":["https:\/\/i0.wp.com\/www.emmanuelastier.com\/wp-content\/uploads\/2023\/01\/logo-BIONALYS-copmed.png?resize=100%2C100&ssl=1",100,100,true]},"uagb_author_info":{"display_name":"emmanuelastier37","author_link":"https:\/\/www.emmanuelastier.com\/index.php\/author\/emmanuelastier37\/"},"uagb_comment_info":0,"uagb_excerpt":"Bienvenue sur la plateforme BIONALYS\u00ae. BIONALYS\u00ae, un outil complet et sur mesure permettant de d\u00e9terminer votre profil bionutritionnel. BIONALYS\u00ae est une plateforme num\u00e9rique personnalis\u00e9e, facile d\u2019utilisation et accessible 7j\/7, 24h\/24. Cet outil me permet: Vous \u00eates un particulier et vous&hellip;","jetpack_sharing_enabled":true,"jetpack_shortlink":"https:\/\/wp.me\/P6uLbm-5dR","jetpack-related-posts":[{"id":202,"url":"https:\/\/www.emmanuelastier.com\/index.php\/hypnose-en-cabinet\/","url_meta":{"origin":20079,"position":0},"title":"Sophrologie et Hypnose en Cabinet","author":"emmanuelastier37","date":"22 juillet 2015","format":false,"excerpt":"Si ton Monde ne te plait pas... Que fais tu pour le changer ? La Sophrologie : La sophrologie est une pratique\u00a0 \u00ab associant corps et esprit pour d\u00e9velopper s\u00e9r\u00e9nit\u00e9 et mieux-\u00eatre bas\u00e9 sur des techniques de relaxation et d\u2019activation du corps et de l\u2019esprit \u00bb. Elle s\u2019adresse \u00e0 toute\u2026","rel":"","context":"Avec 2 commentaires","block_context":{"text":"Avec 2 commentaires","link":"https:\/\/www.emmanuelastier.com\/index.php\/hypnose-en-cabinet\/#comments"},"img":{"alt_text":"cabinet hypnose","src":"https:\/\/i0.wp.com\/www.emmanuelastier.com\/wp-content\/uploads\/2015\/07\/cabinet-hypnose-300x225.jpg?resize=350%2C200&ssl=1","width":350,"height":200},"classes":[]},{"id":227,"url":"https:\/\/www.emmanuelastier.com\/index.php\/quantum-life-infinity-biofeedback\/","url_meta":{"origin":20079,"position":1},"title":"Quantum Life Infinity biofeedback","author":"emmanuelastier37","date":"22 juillet 2015","format":false,"excerpt":"\u00a0\u00a0 \u00a0 \u00a0 \u00a0 \u00a0 \u00a0 \u00a0 \u00a0 \u00a0 \u00a0 \u00a0 \u00a0 \u00a0 \u00a0 \u00a0\u00a0 \u00a0\u00a0\u00a0\u00a0\u00a0\u00a0 \u00a0 Le Syst\u00e8me Quantum Life Infinity est une mat\u00e9riel r\u00e9volutionnaire qui me permet de travailler de mani\u00e8re encore plus profonde.... C'est un dispositif r\u00e9volutionnaire de biofeedback et de bien-\u00eatre issu de nombreuses ann\u00e9es de\u2026","rel":"","context":"Article similaire","block_context":{"text":"Article similaire","link":""},"img":{"alt_text":"quantum1","src":"https:\/\/i0.wp.com\/www.emmanuelastier.com\/wp-content\/uploads\/2015\/07\/quantum1.jpg?resize=350%2C200&ssl=1","width":350,"height":200},"classes":[]},{"id":19,"url":"https:\/\/www.emmanuelastier.com\/index.php\/mes-cabinets-a-tours-et-a-amboise\/","url_meta":{"origin":20079,"position":2},"title":"Mon Cabinet \u00e0 Tours \/ Saint Pierre des Corps","author":"emmanuelastier37","date":"9 juillet 2015","format":false,"excerpt":"Une Nouvelle Organisation au Service de Votre Bien-\u00catre ! Apr\u00e8s plus de 30 ans d'accompagnement en naturopathie, sophrologie et hypnoth\u00e9rapie, je suis heureux de vous annoncer l'\u00e9volution de mon organisation professionnelle. Cette transformation refl\u00e8te ma volont\u00e9 constante de vous offrir le meilleur accompagnement possible, dans des conditions optimales. Un nouveau\u2026","rel":"","context":"Article similaire","block_context":{"text":"Article similaire","link":""},"img":{"alt_text":"nouveau cabinet \u00e0 Tours","src":"https:\/\/i0.wp.com\/www.emmanuelastier.com\/wp-content\/uploads\/2025\/12\/panorama_cabinets_astier-scaled.jpg?fit=1200%2C670&ssl=1&resize=350%2C200","width":350,"height":200,"srcset":"https:\/\/i0.wp.com\/www.emmanuelastier.com\/wp-content\/uploads\/2025\/12\/panorama_cabinets_astier-scaled.jpg?fit=1200%2C670&ssl=1&resize=350%2C200 1x, https:\/\/i0.wp.com\/www.emmanuelastier.com\/wp-content\/uploads\/2025\/12\/panorama_cabinets_astier-scaled.jpg?fit=1200%2C670&ssl=1&resize=525%2C300 1.5x, https:\/\/i0.wp.com\/www.emmanuelastier.com\/wp-content\/uploads\/2025\/12\/panorama_cabinets_astier-scaled.jpg?fit=1200%2C670&ssl=1&resize=700%2C400 2x, https:\/\/i0.wp.com\/www.emmanuelastier.com\/wp-content\/uploads\/2025\/12\/panorama_cabinets_astier-scaled.jpg?fit=1200%2C670&ssl=1&resize=1050%2C600 3x"},"classes":[]},{"id":26120,"url":"https:\/\/www.emmanuelastier.com\/index.php\/motifs-de-consultation-accompagnement-global-du-bien-etre-a-tours-et-amboise\/","url_meta":{"origin":20079,"position":3},"title":"Motifs de consultation \u2013 Accompagnement global du bien-\u00eatre \u00e0 Tours et Amboise","author":"emmanuelastier37","date":"29 janvier 2026","format":false,"excerpt":"Vous souhaitez retrouver plus de calme, de vitalit\u00e9 ou de clart\u00e9 int\u00e9rieure ?Avec plus de 30 ans d\u2019exp\u00e9rience en naturopathie, sophrologie, hypnose et accompagnement \u00e9nerg\u00e9tique, je vous propose des s\u00e9ances personnalis\u00e9es \u00e0 Tours, Amboise ou \u00e0 distance pour vous aider \u00e0 : apaiser le stress et la surcharge mentale, retrouver\u2026","rel":"","context":"Article similaire","block_context":{"text":"Article similaire","link":""},"img":{"alt_text":"nouveau cabinet \u00e0 Tours","src":"https:\/\/i0.wp.com\/www.emmanuelastier.com\/wp-content\/uploads\/2025\/12\/panorama_cabinets_astier-1024x572.jpg?resize=350%2C200&ssl=1","width":350,"height":200},"classes":[]},{"id":235,"url":"https:\/\/www.emmanuelastier.com\/index.php\/pour-vous-aider-des-maintenant\/","url_meta":{"origin":20079,"position":4},"title":"Pour vous aider&#8230;d\u00e8s maintenant !","author":"emmanuelastier37","date":"22 juillet 2015","format":false,"excerpt":"\u00a0\u00a0\u00a0\u00a0\u00a0\u00a0\u00a0\u00a0\u00a0\u00a0\u00a0\u00a0\u00a0\u00a0\u00a0\u00a0\u00a0\u00a0\u00a0\u00a0\u00a0 J'ai d\u00e9cid\u00e9 pour vous aider ...d\u00e8s aujourd'hui, de vous pr\u00e9senter cette rubrique.... Je vais y ajouter au fil du temps de nouveaux outils, textes, vid\u00e9os , ect.... Pour que vous puissiez d\u00e8s \u00e0 pr\u00e9sent et sans attendre notre prochain rdv commencer \u00e0 VOUS faire du bien ..!! La Coh\u00e9rence\u2026","rel":"","context":"Article similaire","block_context":{"text":"Article similaire","link":""},"img":{"alt_text":"quantum cerveau","src":"https:\/\/i0.wp.com\/www.emmanuelastier.com\/wp-content\/uploads\/2015\/07\/quantum-cerveau.jpg?resize=350%2C200&ssl=1","width":350,"height":200},"classes":[]},{"id":19529,"url":"https:\/\/www.emmanuelastier.com\/index.php\/preparation-mentale-et-optimisation-de-performance\/","url_meta":{"origin":20079,"position":5},"title":"Ateliers Transformation Positive \u00e0 Tours !","author":"emmanuelastier37","date":"14 novembre 2020","format":false,"excerpt":"Transformation Corps - Esprit ! Un samedi par mois \u00e0 Tours, vivez une exp\u00e9rience de transformation unique. Alliez nutrition, clart\u00e9 mentale et \u00e9veil spirituel pour r\u00e9ussir votre nouvelle vie. Les Journ\u00e9es de la Transformation Positive 2026 : Un Voyage Alchimique \u00e0 Tours Un samedi par mois, offrez-vous une parenth\u00e8se de\u2026","rel":"","context":"Article similaire","block_context":{"text":"Article similaire","link":""},"img":{"alt_text":"","src":"https:\/\/i0.wp.com\/www.emmanuelastier.com\/wp-content\/uploads\/2015\/07\/gif-marcheur_-_Copie.gif?resize=350%2C200&ssl=1","width":350,"height":200},"classes":[]}],"jetpack_likes_enabled":true,"_links":{"self":[{"href":"https:\/\/www.emmanuelastier.com\/index.php\/wp-json\/wp\/v2\/pages\/20079","targetHints":{"allow":["GET"]}}],"collection":[{"href":"https:\/\/www.emmanuelastier.com\/index.php\/wp-json\/wp\/v2\/pages"}],"about":[{"href":"https:\/\/www.emmanuelastier.com\/index.php\/wp-json\/wp\/v2\/types\/page"}],"author":[{"embeddable":true,"href":"https:\/\/www.emmanuelastier.com\/index.php\/wp-json\/wp\/v2\/users\/1"}],"replies":[{"embeddable":true,"href":"https:\/\/www.emmanuelastier.com\/index.php\/wp-json\/wp\/v2\/comments?post=20079"}],"version-history":[{"count":2,"href":"https:\/\/www.emmanuelastier.com\/index.php\/wp-json\/wp\/v2\/pages\/20079\/revisions"}],"predecessor-version":[{"id":20084,"href":"https:\/\/www.emmanuelastier.com\/index.php\/wp-json\/wp\/v2\/pages\/20079\/revisions\/20084"}],"up":[{"embeddable":true,"href":"https:\/\/www.emmanuelastier.com\/index.php\/wp-json\/wp\/v2\/pages\/174"}],"wp:featuredmedia":[{"embeddable":true,"href":"https:\/\/www.emmanuelastier.com\/index.php\/wp-json\/wp\/v2\/media\/20080"}],"wp:attachment":[{"href":"https:\/\/www.emmanuelastier.com\/index.php\/wp-json\/wp\/v2\/media?parent=20079"}],"curies":[{"name":"wp","href":"https:\/\/api.w.org\/{rel}","templated":true}]}}