{"id":25331,"date":"2024-11-26T07:46:05","date_gmt":"2024-11-26T05:46:05","guid":{"rendered":"https:\/\/www.emmanuelastier.com\/?page_id=25331"},"modified":"2025-01-13T20:13:14","modified_gmt":"2025-01-13T18:13:14","slug":"bien-etre-grace-au-champissage-massage-cranien-indien-assis","status":"publish","type":"page","link":"https:\/\/www.emmanuelastier.com\/index.php\/bien-etre-grace-au-champissage-massage-cranien-indien-assis\/","title":{"rendered":"Bien \u00eatre gr\u00e2ce au Champissage \u00a9 (Massage Cr\u00e2nien Indien Assis)"},"content":{"rendered":"\n<figure class=\"wp-block-image size-full\"><img data-recalc-dims=\"1\" loading=\"lazy\" decoding=\"async\" width=\"235\" height=\"253\" data-attachment-id=\"25332\" data-permalink=\"https:\/\/www.emmanuelastier.com\/index.php\/bien-etre-grace-au-champissage-massage-cranien-indien-assis\/image-3\/\" data-orig-file=\"https:\/\/i0.wp.com\/www.emmanuelastier.com\/wp-content\/uploads\/2024\/11\/image-1.png?fit=235%2C253&amp;ssl=1\" data-orig-size=\"235,253\" data-comments-opened=\"1\" data-image-meta=\"{&quot;aperture&quot;:&quot;0&quot;,&quot;credit&quot;:&quot;&quot;,&quot;camera&quot;:&quot;&quot;,&quot;caption&quot;:&quot;&quot;,&quot;created_timestamp&quot;:&quot;0&quot;,&quot;copyright&quot;:&quot;&quot;,&quot;focal_length&quot;:&quot;0&quot;,&quot;iso&quot;:&quot;0&quot;,&quot;shutter_speed&quot;:&quot;0&quot;,&quot;title&quot;:&quot;&quot;,&quot;orientation&quot;:&quot;0&quot;}\" data-image-title=\"image\" data-image-description=\"\" data-image-caption=\"\" data-large-file=\"https:\/\/i0.wp.com\/www.emmanuelastier.com\/wp-content\/uploads\/2024\/11\/image-1.png?fit=235%2C253&amp;ssl=1\" src=\"https:\/\/i0.wp.com\/www.emmanuelastier.com\/wp-content\/uploads\/2024\/11\/image-1.png?resize=235%2C253&#038;ssl=1\" alt=\"\" class=\"wp-image-25332\"\/><\/figure>\n\n\n\n<p>Fort de plus de 20 ans de pratique holistique du Bien \u00eatre et de la sant\u00e9 au naturel, Emmanuel ASTIER, Naturopathe (PhD Naturopathy uk ).<\/p>\n\n\n\n<p>Auteur du livre&nbsp;<a href=\"https:\/\/librairie.bod.fr\/champissage-emmanuel-astier-9782810604043\" target=\"_blank\" rel=\"noreferrer noopener\">\u00ab&nbsp;Champissage&nbsp;\u00bb \u00ab&nbsp;ouvrage Best seller&nbsp;\u00bb aux \u00e9ditions BoD<\/a>,&nbsp;vous propose une formation d\u2019initiation issu de son exp\u00e9rience europ\u00e9enne.<\/p>\n\n\n\n<p>D\u00e9couvrez une technique de relaxation et de bien \u00eatre par l\u2019oreille issue des traditions natives de l\u2019humanit\u00e9 vieille de plus de 4000 ans, se pratiquant allong\u00e9, sans d\u00e9shabillage encore pratiqu\u00e9e aujourd\u2019hui partout dans le monde au sein de la cellule familiale comme en entreprise convenant \u00e0 tout les \u00e2ges, aux hommes comme aux femmes et refl\u00e9tant les piliers fondamentaux de ma pratique&nbsp;:<\/p>\n\n\n\n<p>Comp\u00e9tence, connaissance, humanisme et bienfaits&nbsp;!<\/p>\n\n\n\n<p><strong>Qu&rsquo;allez vous apprendre : &nbsp;&nbsp;<\/strong><\/p>\n\n\n\n<p>\u2022 Anatomie et physiologie autour du toucher-massage Champissage\u00a9<\/p>\n\n\n\n<p>\u2022 Les bienfaits du toucher-massage Champissage\u00a9<\/p>\n\n\n\n<p>\u2022 Les contre indications li\u00e9es au toucher-massage Champissage\u00a9<\/p>\n\n\n\n<p>\u2022 Apprentissage des techniques de toucher-massage Champissage\u00a9<\/p>\n\n\n\n<p>\u2022 Questions \/ R\u00e9ponses autour de notre atelier.<\/p>\n\n\n\n<p><strong>Conditions de la formation&nbsp;:<\/strong><\/p>\n\n\n\n<p>Tout le mat\u00e9riel n\u00e9cessaire \u00e0 l\u2019atelier vous sera fourni.<\/p>\n\n\n\n<p>Participation de 95 \u20ac ttc \u00e0 r\u00e9gler \u00e0 l\u2019inscription avant le stage.<\/p>\n\n\n\n<p>Stage limit\u00e9 \u00e0 6 participants <\/p>\n\n\n\n<p>Horaires\u00a0: de 10h00 \u00e0 12h00 et de 14h00 \u00e0 17h00<\/p>\n\n\n\n<p>Dur\u00e9e&nbsp;: 1 journ\u00e9e <\/p>\n\n\n\n<p> Lieux&nbsp;: Amboise.<\/p>\n\n\n\n<p>&nbsp;<strong>Retourner votre r\u00e8glement par ch\u00e8que \u00e0 l\u2019ordre d\u2019Emmanuel ASTIER Conseils et Ateliers,<\/strong>&nbsp;<strong>24 rue de Mosny 37400 Amboise .<\/strong><\/p>\n\n\n\n<p>R\u00e9glement Paypal ci dessous:<\/p>\n\n\n\n<div class=\"wp-block-buttons is-layout-flex wp-block-buttons-is-layout-flex\">\n<div class=\"wp-block-button\"><a class=\"wp-block-button__link wp-element-button\" href=\"https:\/\/www.paypal.com\/ncp\/payment\/GVUD3NV7UH9GU\" target=\"_blank\" rel=\"noreferrer noopener\">inscription<\/a><\/div>\n<\/div>\n\n\n\n<p><\/p>\n\n\n\n<p><strong>Renseignements compl\u00e9mentaires, merci de prendre contact directement avec Emmanuel Astier au 06 30 53 48 75<\/strong>&nbsp;<strong>ou emmanuelastier37@gmail.com<\/strong>&nbsp;ou par l\u2019interm\u00e9diaire du formulaire de contact ci dessous !<\/p>\n\n\n\n<div class=\"wp-block-contact-form-7-contact-form-selector\">\n<div class=\"wpcf7 no-js\" id=\"wpcf7-f12236-o1\" lang=\"fr-FR\" dir=\"ltr\" data-wpcf7-id=\"12236\">\n<div class=\"screen-reader-response\"><p role=\"status\" aria-live=\"polite\" aria-atomic=\"true\"><\/p> <ul><\/ul><\/div>\n<form action=\"\/index.php\/wp-json\/wp\/v2\/pages\/25331#wpcf7-f12236-o1\" method=\"post\" class=\"wpcf7-form init\" aria-label=\"Formulaire de contact\" novalidate=\"novalidate\" data-status=\"init\">\n<fieldset class=\"hidden-fields-container\"><input type=\"hidden\" name=\"_wpcf7\" value=\"12236\" \/><input type=\"hidden\" name=\"_wpcf7_version\" value=\"6.1.5\" \/><input type=\"hidden\" name=\"_wpcf7_locale\" value=\"fr_FR\" \/><input type=\"hidden\" name=\"_wpcf7_unit_tag\" value=\"wpcf7-f12236-o1\" \/><input type=\"hidden\" name=\"_wpcf7_container_post\" value=\"0\" \/><input type=\"hidden\" name=\"_wpcf7_posted_data_hash\" value=\"\" \/><input type=\"hidden\" name=\"_wpcf7_recaptcha_response\" value=\"\" \/>\n<\/fieldset>\n<p><label> Votre nom (obligatoire)<br \/>\n<span class=\"wpcf7-form-control-wrap\" data-name=\"your-name\"><input size=\"40\" maxlength=\"400\" class=\"wpcf7-form-control wpcf7-text wpcf7-validates-as-required\" aria-required=\"true\" aria-invalid=\"false\" value=\"\" type=\"text\" name=\"your-name\" \/><\/span> <\/label>\n<\/p>\n<p><label> Votre adresse de messagerie (obligatoire)<br \/>\n<span class=\"wpcf7-form-control-wrap\" data-name=\"your-email\"><input size=\"40\" maxlength=\"400\" class=\"wpcf7-form-control wpcf7-email wpcf7-validates-as-required wpcf7-text wpcf7-validates-as-email\" aria-required=\"true\" aria-invalid=\"false\" value=\"\" type=\"email\" name=\"your-email\" \/><\/span> <\/label>\n<\/p>\n<p><label> Objet<br \/>\n<span class=\"wpcf7-form-control-wrap\" data-name=\"your-subject\"><input size=\"40\" maxlength=\"400\" class=\"wpcf7-form-control wpcf7-text\" aria-invalid=\"false\" value=\"\" type=\"text\" name=\"your-subject\" \/><\/span> <\/label>\n<\/p>\n<p><label> Votre message<br \/>\n<span class=\"wpcf7-form-control-wrap\" data-name=\"your-message\"><textarea cols=\"40\" rows=\"10\" maxlength=\"2000\" class=\"wpcf7-form-control wpcf7-textarea\" aria-invalid=\"false\" name=\"your-message\"><\/textarea><\/span> <\/label>\n<\/p>\n<p><span class=\"wpcf7-form-control-wrap\" data-name=\"Mercidecocherlacasesivousacceptezdevousinscrire\"><span class=\"wpcf7-form-control wpcf7-checkbox wpcf7-validates-as-required\"><\/span><\/span>\n<\/p>\n<p><span class=\"wpcf7-form-control-wrap\" data-name=\"acceptance-345\"><span class=\"wpcf7-form-control wpcf7-acceptance\"><span class=\"wpcf7-list-item\"><label><input type=\"checkbox\" name=\"acceptance-345\" value=\"1\" checked=\"checked\" aria-invalid=\"false\" \/><span class=\"wpcf7-list-item-label\">Merci de cocher cette case pour \u00eatre en conformit\u00e9 avec la l\u00e9gislation RGPD<\/span><\/label><\/span><\/span><\/span>\n<\/p>\n\n<p><input class=\"wpcf7-form-control wpcf7-submit has-spinner\" type=\"submit\" value=\"Envoyer\" \/>\n<\/p><p style=\"display: none !important;\" class=\"akismet-fields-container\" data-prefix=\"_wpcf7_ak_\"><label>&#916;<textarea name=\"_wpcf7_ak_hp_textarea\" cols=\"45\" rows=\"8\" maxlength=\"100\"><\/textarea><\/label><input type=\"hidden\" id=\"ak_js_1\" name=\"_wpcf7_ak_js\" value=\"113\"\/><script type=\"text\/javascript\">\n\/* <![CDATA[ *\/\ndocument.getElementById( \"ak_js_1\" ).setAttribute( \"value\", ( new Date() ).getTime() );\n\/* ]]> *\/\n<\/script>\n<\/p><div class=\"wpcf7-response-output\" aria-hidden=\"true\"><\/div>\n<\/form>\n<\/div>\n<\/div>\n","protected":false},"excerpt":{"rendered":"<p>Fort de plus de 20 ans de pratique holistique du Bien \u00eatre et de la sant\u00e9 au naturel, Emmanuel ASTIER, Naturopathe (PhD Naturopathy uk ). Auteur du livre&nbsp;\u00ab&nbsp;Champissage&nbsp;\u00bb \u00ab&nbsp;ouvrage Best seller&nbsp;\u00bb aux \u00e9ditions BoD,&nbsp;vous propose une formation d\u2019initiation issu de&hellip; <\/p>\n","protected":false},"author":1,"featured_media":25332,"parent":0,"menu_order":0,"comment_status":"closed","ping_status":"closed","template":"","meta":{"_uag_custom_page_level_css":"","_mbp_gutenberg_autopost":false,"jetpack_post_was_ever_published":false,"footnotes":""},"class_list":["post-25331","page","type-page","status-publish","has-post-thumbnail","hentry"],"uagb_featured_image_src":{"full":["https:\/\/i0.wp.com\/www.emmanuelastier.com\/wp-content\/uploads\/2024\/11\/image-1.png?fit=235%2C253&ssl=1",235,253,false],"thumbnail":["https:\/\/i0.wp.com\/www.emmanuelastier.com\/wp-content\/uploads\/2024\/11\/image-1.png?resize=150%2C150&ssl=1",150,150,true],"medium":["https:\/\/i0.wp.com\/www.emmanuelastier.com\/wp-content\/uploads\/2024\/11\/image-1.png?fit=235%2C253&ssl=1",235,253,true],"medium_large":["https:\/\/i0.wp.com\/www.emmanuelastier.com\/wp-content\/uploads\/2024\/11\/image-1.png?fit=235%2C253&ssl=1",235,253,true],"large":["https:\/\/i0.wp.com\/www.emmanuelastier.com\/wp-content\/uploads\/2024\/11\/image-1.png?fit=235%2C253&ssl=1",235,253,true],"1536x1536":["https:\/\/i0.wp.com\/www.emmanuelastier.com\/wp-content\/uploads\/2024\/11\/image-1.png?fit=235%2C253&ssl=1",235,253,true],"2048x2048":["https:\/\/i0.wp.com\/www.emmanuelastier.com\/wp-content\/uploads\/2024\/11\/image-1.png?fit=235%2C253&ssl=1",235,253,true],"pgmb-post-image":["https:\/\/i0.wp.com\/www.emmanuelastier.com\/wp-content\/uploads\/2024\/11\/image-1.png?resize=235%2C253&ssl=1",235,253,true],"travelify-featured":["https:\/\/i0.wp.com\/www.emmanuelastier.com\/wp-content\/uploads\/2024\/11\/image-1.png?resize=235%2C253&ssl=1",235,253,true],"travelify-featured-medium":["https:\/\/i0.wp.com\/www.emmanuelastier.com\/wp-content\/uploads\/2024\/11\/image-1.png?resize=230%2C230&ssl=1",230,230,true],"travelify-slider":["https:\/\/i0.wp.com\/www.emmanuelastier.com\/wp-content\/uploads\/2024\/11\/image-1.png?resize=235%2C253&ssl=1",235,253,true],"travelify-gallery":["https:\/\/i0.wp.com\/www.emmanuelastier.com\/wp-content\/uploads\/2024\/11\/image-1.png?resize=235%2C253&ssl=1",235,253,true],"woocommerce_thumbnail":["https:\/\/i0.wp.com\/www.emmanuelastier.com\/wp-content\/uploads\/2024\/11\/image-1.png?fit=235%2C253&ssl=1",235,253,true],"woocommerce_single":["https:\/\/i0.wp.com\/www.emmanuelastier.com\/wp-content\/uploads\/2024\/11\/image-1.png?fit=235%2C253&ssl=1",235,253,true],"woocommerce_gallery_thumbnail":["https:\/\/i0.wp.com\/www.emmanuelastier.com\/wp-content\/uploads\/2024\/11\/image-1.png?resize=100%2C100&ssl=1",100,100,true]},"uagb_author_info":{"display_name":"emmanuelastier37","author_link":"https:\/\/www.emmanuelastier.com\/index.php\/author\/emmanuelastier37\/"},"uagb_comment_info":0,"uagb_excerpt":"Fort de plus de 20 ans de pratique holistique du Bien \u00eatre et de la sant\u00e9 au naturel, Emmanuel ASTIER, Naturopathe (PhD Naturopathy uk ). Auteur du livre&nbsp;\u00ab&nbsp;Champissage&nbsp;\u00bb \u00ab&nbsp;ouvrage Best seller&nbsp;\u00bb aux \u00e9ditions BoD,&nbsp;vous propose une formation d\u2019initiation issu de&hellip;","jetpack_sharing_enabled":true,"jetpack_shortlink":"https:\/\/wp.me\/P6uLbm-6Az","jetpack-related-posts":[{"id":25326,"url":"https:\/\/www.emmanuelastier.com\/index.php\/bien-etre-par-lharmonisation-energetique-grace-aux-bougies-thermo-auriculaires\/","url_meta":{"origin":25331,"position":0},"title":"Bien \u00eatre par l\u2019Harmonisation \u00e9nerg\u00e9tique gr\u00e2ce aux Bougies thermo auriculaires","author":"emmanuelastier37","date":"26 novembre 2024","format":false,"excerpt":"Fort de plus de 20 ans de pratique holistique du Bien \u00eatre et de la sant\u00e9 au naturel, Emmanuel ASTIER, Naturopathe (PhD Naturopathy uk ). Auteur du livre \u00ab\u00a0Bougies thermo-auriculaires\u00a0\u00bb \"ouvrage Best seller\" aux \u00e9ditions BoD, vous propose une formation d\u2019initiation issu de son exp\u00e9rience europ\u00e9enne. D\u00e9couvrez une technique de\u2026","rel":"","context":"Article similaire","block_context":{"text":"Article similaire","link":""},"img":{"alt_text":"","src":"https:\/\/i0.wp.com\/www.emmanuelastier.com\/wp-content\/uploads\/2024\/11\/image.png?fit=412%2C310&ssl=1&resize=350%2C200","width":350,"height":200},"classes":[]},{"id":25339,"url":"https:\/\/www.emmanuelastier.com\/index.php\/bien-etre-et-sante-grace-au-massage-amma-massage-habille-assis-sur-chaise\/","url_meta":{"origin":25331,"position":1},"title":"Bien \u00eatre et sant\u00e9 gr\u00e2ce au massage Amma (massage habill\u00e9 assis sur chaise) \u00a0\u00a9","author":"emmanuelastier37","date":"26 novembre 2024","format":false,"excerpt":"Fort de plus de 20 ans de pratique holistique du Bien \u00eatre et de la sant\u00e9 au naturel, Emmanuel ASTIER, Naturopathe (PhD Naturopathy uk ). D\u00e9couvrez une technique de relaxation et de bien \u00eatre par l\u2019oreille issue des traditions natives de l\u2019humanit\u00e9 , se pratiquant allong\u00e9, sans d\u00e9shabillage encore pratiqu\u00e9e\u2026","rel":"","context":"Article similaire","block_context":{"text":"Article similaire","link":""},"img":{"alt_text":"","src":"https:\/\/i0.wp.com\/www.emmanuelastier.com\/wp-content\/uploads\/2024\/11\/image-3.png?resize=350%2C200&ssl=1","width":350,"height":200},"classes":[]},{"id":25346,"url":"https:\/\/www.emmanuelastier.com\/index.php\/bien-etre-par-lharmonisation-energetique-grace-au-magnetisme\/","url_meta":{"origin":25331,"position":2},"title":"Bien \u00eatre par l\u2019Harmonisation \u00e9nerg\u00e9tique gr\u00e2ce au Magn\u00e9tisme \u00a0\u00a9","author":"emmanuelastier37","date":"26 novembre 2024","format":false,"excerpt":"Fort de plus de 20 ans de pratique holistique du Bien \u00eatre et de la sant\u00e9 au naturel, Emmanuel ASTIER, Naturopathe (PhD Naturopathy uk ). D\u00e9couvrez une technique de relaxation et de bien \u00eatre \u00e9nerg\u00e9tique issue des traditions natives de l\u2019humanit\u00e9 se pratiquant allong\u00e9 ou pas , sans d\u00e9shabillage encore\u2026","rel":"","context":"Article similaire","block_context":{"text":"Article similaire","link":""},"img":{"alt_text":"","src":"https:\/\/i0.wp.com\/www.emmanuelastier.com\/wp-content\/uploads\/2024\/11\/magnetisme-3.jpeg?resize=350%2C200&ssl=1","width":350,"height":200,"srcset":"https:\/\/i0.wp.com\/www.emmanuelastier.com\/wp-content\/uploads\/2024\/11\/magnetisme-3.jpeg?resize=350%2C200&ssl=1 1x, https:\/\/i0.wp.com\/www.emmanuelastier.com\/wp-content\/uploads\/2024\/11\/magnetisme-3.jpeg?resize=525%2C300&ssl=1 1.5x, https:\/\/i0.wp.com\/www.emmanuelastier.com\/wp-content\/uploads\/2024\/11\/magnetisme-3.jpeg?resize=700%2C400&ssl=1 2x"},"classes":[]},{"id":19,"url":"https:\/\/www.emmanuelastier.com\/index.php\/mes-cabinets-a-tours-et-a-amboise\/","url_meta":{"origin":25331,"position":3},"title":"Mon Cabinet \u00e0 Tours \/ Saint Pierre des Corps","author":"emmanuelastier37","date":"9 juillet 2015","format":false,"excerpt":"Une Nouvelle Organisation au Service de Votre Bien-\u00catre ! Apr\u00e8s plus de 30 ans d'accompagnement en naturopathie, sophrologie et hypnoth\u00e9rapie, je suis heureux de vous annoncer l'\u00e9volution de mon organisation professionnelle. Cette transformation refl\u00e8te ma volont\u00e9 constante de vous offrir le meilleur accompagnement possible, dans des conditions optimales. Un nouveau\u2026","rel":"","context":"Article similaire","block_context":{"text":"Article similaire","link":""},"img":{"alt_text":"nouveau cabinet \u00e0 Tours","src":"https:\/\/i0.wp.com\/www.emmanuelastier.com\/wp-content\/uploads\/2025\/12\/panorama_cabinets_astier-scaled.jpg?fit=1200%2C670&ssl=1&resize=350%2C200","width":350,"height":200,"srcset":"https:\/\/i0.wp.com\/www.emmanuelastier.com\/wp-content\/uploads\/2025\/12\/panorama_cabinets_astier-scaled.jpg?fit=1200%2C670&ssl=1&resize=350%2C200 1x, https:\/\/i0.wp.com\/www.emmanuelastier.com\/wp-content\/uploads\/2025\/12\/panorama_cabinets_astier-scaled.jpg?fit=1200%2C670&ssl=1&resize=525%2C300 1.5x, https:\/\/i0.wp.com\/www.emmanuelastier.com\/wp-content\/uploads\/2025\/12\/panorama_cabinets_astier-scaled.jpg?fit=1200%2C670&ssl=1&resize=700%2C400 2x, https:\/\/i0.wp.com\/www.emmanuelastier.com\/wp-content\/uploads\/2025\/12\/panorama_cabinets_astier-scaled.jpg?fit=1200%2C670&ssl=1&resize=1050%2C600 3x"},"classes":[]},{"id":25343,"url":"https:\/\/www.emmanuelastier.com\/index.php\/bien-etre-par-lharmonisation-energetique-grace-a-la-radiesthesie\/","url_meta":{"origin":25331,"position":4},"title":"Bien \u00eatre par l\u2019Harmonisation \u00e9nerg\u00e9tique gr\u00e2ce \u00e0 la Radiesth\u00e9sie \u00a0\u00a9","author":"emmanuelastier37","date":"26 novembre 2024","format":false,"excerpt":"Fort de plus de 20 ans de pratique holistique du Bien \u00eatre et de la sant\u00e9 au naturel, Emmanuel ASTIER, Naturopathe (PhD Naturopathy uk ). D\u00e9couvrez une technique \u00e9nerg\u00e9tique issue des traditions natives de l\u2019humanit\u00e9 encore pratiqu\u00e9e aujourd\u2019hui partout dans le monde au sein de la cellule familiale comme en\u2026","rel":"","context":"Article similaire","block_context":{"text":"Article similaire","link":""},"img":{"alt_text":"","src":"https:\/\/i0.wp.com\/www.emmanuelastier.com\/wp-content\/uploads\/2024\/11\/radiesthesie1.jpg?resize=350%2C200&ssl=1","width":350,"height":200},"classes":[]},{"id":25335,"url":"https:\/\/www.emmanuelastier.com\/index.php\/bien-etre-par-lharmonisation-energetique-grace-aux-diapasons-vibratoires\/","url_meta":{"origin":25331,"position":5},"title":"Bien \u00eatre par l\u2019Harmonisation \u00e9nerg\u00e9tique gr\u00e2ce aux Diapasons vibratoires \u00a0\u00a9","author":"emmanuelastier37","date":"26 novembre 2024","format":false,"excerpt":"Fort de plus de 20 ans de pratique holistique du Bien \u00eatre et de la sant\u00e9 au naturel, Emmanuel ASTIER, Naturopathe (PhD Naturopathy uk ). D\u00e9couvrez une technique de relaxation et de bien \u00eatre \u00e9nerg\u00e9tique issue des traditions natives de l\u2019humanit\u00e9 se pratiquant allong\u00e9, sans d\u00e9shabillage encore pratiqu\u00e9e aujourd\u2019hui partout\u2026","rel":"","context":"Article similaire","block_context":{"text":"Article similaire","link":""},"img":{"alt_text":"","src":"https:\/\/i0.wp.com\/www.emmanuelastier.com\/wp-content\/uploads\/2024\/11\/image-2.png?resize=350%2C200&ssl=1","width":350,"height":200,"srcset":"https:\/\/i0.wp.com\/www.emmanuelastier.com\/wp-content\/uploads\/2024\/11\/image-2.png?resize=350%2C200&ssl=1 1x, https:\/\/i0.wp.com\/www.emmanuelastier.com\/wp-content\/uploads\/2024\/11\/image-2.png?resize=525%2C300&ssl=1 1.5x, https:\/\/i0.wp.com\/www.emmanuelastier.com\/wp-content\/uploads\/2024\/11\/image-2.png?resize=700%2C400&ssl=1 2x"},"classes":[]}],"jetpack_likes_enabled":true,"_links":{"self":[{"href":"https:\/\/www.emmanuelastier.com\/index.php\/wp-json\/wp\/v2\/pages\/25331","targetHints":{"allow":["GET"]}}],"collection":[{"href":"https:\/\/www.emmanuelastier.com\/index.php\/wp-json\/wp\/v2\/pages"}],"about":[{"href":"https:\/\/www.emmanuelastier.com\/index.php\/wp-json\/wp\/v2\/types\/page"}],"author":[{"embeddable":true,"href":"https:\/\/www.emmanuelastier.com\/index.php\/wp-json\/wp\/v2\/users\/1"}],"replies":[{"embeddable":true,"href":"https:\/\/www.emmanuelastier.com\/index.php\/wp-json\/wp\/v2\/comments?post=25331"}],"version-history":[{"count":2,"href":"https:\/\/www.emmanuelastier.com\/index.php\/wp-json\/wp\/v2\/pages\/25331\/revisions"}],"predecessor-version":[{"id":25545,"href":"https:\/\/www.emmanuelastier.com\/index.php\/wp-json\/wp\/v2\/pages\/25331\/revisions\/25545"}],"wp:featuredmedia":[{"embeddable":true,"href":"https:\/\/www.emmanuelastier.com\/index.php\/wp-json\/wp\/v2\/media\/25332"}],"wp:attachment":[{"href":"https:\/\/www.emmanuelastier.com\/index.php\/wp-json\/wp\/v2\/media?parent=25331"}],"curies":[{"name":"wp","href":"https:\/\/api.w.org\/{rel}","templated":true}]}}