{"id":12634,"date":"2018-06-02T15:17:50","date_gmt":"2018-06-02T15:17:50","guid":{"rendered":"https:\/\/www.emmanuelastier.com\/?post_type=product&#038;p=12634"},"modified":"2024-11-27T07:41:36","modified_gmt":"2024-11-27T05:41:36","slug":"kit-pieton-oreillettes-anti-ondes-a-air-transparent-discret-avec-micro-pour-apple-iphone-ipad-ipod-android-samsung-sony-tablettes-lecteurs-mp3-compatible-avec-patch-anti-onde","status":"publish","type":"product","link":"https:\/\/www.emmanuelastier.com\/index.php\/produit\/kit-pieton-oreillettes-anti-ondes-a-air-transparent-discret-avec-micro-pour-apple-iphone-ipad-ipod-android-samsung-sony-tablettes-lecteurs-mp3-compatible-avec-patch-anti-onde\/","title":{"rendered":"Kit Pi\u00e9ton Oreillettes Anti Ondes \u00e0 Air Transparent Discret avec Micro pour Apple iPhone, iPad, iPod, Android, Samsung, Sony, Tablettes, Lecteurs MP3 , compatible avec patch anti onde."},"content":{"rendered":"<p>Kit Pieton anti ondes discret universel pour Iphone et Smart Phone anti rayonnement avec prise \u00e9couteur 3.5mm et double conduit d&rsquo;air. Il utilise le principe de conduction sonore acoustique par le tube \u00e0 air, de sorte que le cerveau soit prot\u00e9g\u00e9 loin de la source de rayonnement du t\u00e9l\u00e9phone.L&rsquo;oreille interne subit moins les effets du rayonnement gr\u00e2ce \u00e0 ce kit anti ondes.Ce kit pi\u00e9ton transparent et discret est parfait pour tous vos d\u00e9placements et vous assurera un bon confort d&rsquo;\u00e9coute.Compatible avec iPhone et Smart Phone.<\/p>\n","protected":false},"excerpt":{"rendered":"<h1 class=\"a-size-base-plus a-text-bold\">\u00c0 propos de cet article<\/h1>\n<ul class=\"a-unordered-list a-vertical a-spacing-mini\">\n<li class=\"a-spacing-mini\"><span class=\"a-list-item\">\ud83c\udfa7 \u3010High-performance sound quality\u3011 : Le casque est dot\u00e9 d&rsquo;une puce int\u00e9gr\u00e9e de haute qualit\u00e9 qui r\u00e9duit la perte de transmission du son. D\u00e9livre un son de haute qualit\u00e9, des basses \u00e9quilibr\u00e9es et puissantes, des aigus et des m\u00e9diums clairs qui am\u00e9liorent votre exp\u00e9rience d&rsquo;\u00e9coute globale.<\/span><\/li>\n<li class=\"a-spacing-mini\"><span class=\"a-list-item\">\ud83c\udfa7 \u3010Stronger quality\u3011 : Nous travaillons constamment \u00e0 cr\u00e9er une meilleure exp\u00e9rience d&rsquo;achat. De la production \u00e0 l&#8217;emballage, les \u00e9couteurs sont strictement surveill\u00e9s et test\u00e9s pour s&rsquo;assurer que chaque \u00e9couteur peut \u00eatre utilis\u00e9 parfaitement par les chers acheteurs.<\/span><\/li>\n<li class=\"a-spacing-mini\"><span class=\"a-list-item\">\ud83c\udfa7 \u3010Easy shopping\u3011 : Peu importe quand, tant que les \u00e9couteurs que vous avez achet\u00e9s ne peuvent pas \u00eatre utilis\u00e9s, veuillez nous contacter pour passer une nouvelle commande pour vous gratuitement. En raison du d\u00e9calage horaire, nous vous offrirons un service satisfaisant dans les douze heures.<\/span><\/li>\n<li class=\"a-spacing-mini\"><span class=\"a-list-item\">\ud83c\udfa7 \u3010Wide Compatibility\u3011 : Casque compatible avec iPhone SE\/6\/6s\/6Plus\/6sPlus\/5\/5c\/5s, iPad Mini, iPad Air, iPod touch 5, iPod Nano 7, Samsung Galaxy, Sony, Huawei, MP3, MP4, smartphones et tablettes Android, appareils Windows et tous les lecteurs \u00e0 prise jack 3,5 mm.<\/span><\/li>\n<li class=\"a-spacing-mini\"><span class=\"a-list-item\">\ud83c\udfa7 \u3010Microphone et t\u00e9l\u00e9commande int\u00e9gr\u00e9s\u3011 : La conception du bouton dans le c\u00e2ble vous permet de passer des appels mains libres tout en \u00e9coutant de la musique via le bouton multifonction sans acc\u00e9der \u00e0 votre appareil. Le microphone int\u00e9gr\u00e9 transmet une voix d&rsquo;une grande clart\u00e9 pour des conversations sans souci.<\/span><\/li>\n<\/ul>\n","protected":false},"featured_media":12635,"comment_status":"open","ping_status":"closed","template":"","meta":{"_seopress_robots_primary_cat":"","_seopress_titles_title":"","_seopress_titles_desc":"","_seopress_robots_index":"","_uag_custom_page_level_css":"","_mbp_gutenberg_autopost":false,"jetpack_post_was_ever_published":false,"jetpack_publicize_message":"","jetpack_publicize_feature_enabled":true,"jetpack_social_post_already_shared":true,"jetpack_social_options":{"image_generator_settings":{"template":"highway","default_image_id":0,"font":"","enabled":false},"version":2}},"product_brand":[],"product_cat":[296,299],"product_tag":[912,895,922,916,921,905,909,913,915,892,917,906,920,348,351,390,911],"class_list":{"0":"post-12634","1":"product","2":"type-product","3":"status-publish","4":"has-post-thumbnail","6":"product_cat-bien-etre-oreille","7":"product_cat-nouvelle-technologie-pour-votre-sante","8":"product_tag-accouphenes","9":"product_tag-acouphene","10":"product_tag-ambiance","11":"product_tag-anti","12":"product_tag-cosy","13":"product_tag-gymnastique","14":"product_tag-maux","15":"product_tag-migraine","16":"product_tag-ondes","17":"product_tag-oreille","18":"product_tag-protection","19":"product_tag-reequilibrage","20":"product_tag-relaxation","21":"product_tag-saine","22":"product_tag-sante","23":"product_tag-stress","24":"product_tag-tete","26":"first","27":"instock","28":"shipping-taxable","29":"product-type-external"},"jetpack_publicize_connections":[],"uagb_featured_image_src":{"full":["https:\/\/i0.wp.com\/www.emmanuelastier.com\/wp-content\/uploads\/2018\/06\/152794345241DTvBIUm1L.jpg?fit=500%2C410&ssl=1",500,410,false],"thumbnail":["https:\/\/i0.wp.com\/www.emmanuelastier.com\/wp-content\/uploads\/2018\/06\/152794345241DTvBIUm1L.jpg?resize=150%2C150&ssl=1",150,150,true],"medium":["https:\/\/i0.wp.com\/www.emmanuelastier.com\/wp-content\/uploads\/2018\/06\/152794345241DTvBIUm1L.jpg?fit=300%2C246&ssl=1",300,246,true],"medium_large":["https:\/\/i0.wp.com\/www.emmanuelastier.com\/wp-content\/uploads\/2018\/06\/152794345241DTvBIUm1L.jpg?fit=500%2C410&ssl=1",500,410,true],"large":["https:\/\/i0.wp.com\/www.emmanuelastier.com\/wp-content\/uploads\/2018\/06\/152794345241DTvBIUm1L.jpg?fit=500%2C410&ssl=1",500,410,true],"1536x1536":["https:\/\/i0.wp.com\/www.emmanuelastier.com\/wp-content\/uploads\/2018\/06\/152794345241DTvBIUm1L.jpg?fit=500%2C410&ssl=1",500,410,true],"2048x2048":["https:\/\/i0.wp.com\/www.emmanuelastier.com\/wp-content\/uploads\/2018\/06\/152794345241DTvBIUm1L.jpg?fit=500%2C410&ssl=1",500,410,true],"pgmb-post-image":["https:\/\/i0.wp.com\/www.emmanuelastier.com\/wp-content\/uploads\/2018\/06\/152794345241DTvBIUm1L.jpg?resize=500%2C410&ssl=1",500,410,true],"travelify-featured":["https:\/\/i0.wp.com\/www.emmanuelastier.com\/wp-content\/uploads\/2018\/06\/152794345241DTvBIUm1L.jpg?resize=500%2C300&ssl=1",500,300,true],"travelify-featured-medium":["https:\/\/i0.wp.com\/www.emmanuelastier.com\/wp-content\/uploads\/2018\/06\/152794345241DTvBIUm1L.jpg?resize=230%2C230&ssl=1",230,230,true],"travelify-slider":["https:\/\/i0.wp.com\/www.emmanuelastier.com\/wp-content\/uploads\/2018\/06\/152794345241DTvBIUm1L.jpg?resize=500%2C410&ssl=1",500,410,true],"travelify-gallery":["https:\/\/i0.wp.com\/www.emmanuelastier.com\/wp-content\/uploads\/2018\/06\/152794345241DTvBIUm1L.jpg?resize=474%2C342&ssl=1",474,342,true],"woocommerce_thumbnail":["https:\/\/i0.wp.com\/www.emmanuelastier.com\/wp-content\/uploads\/2018\/06\/152794345241DTvBIUm1L.jpg?fit=300%2C246&ssl=1",300,246,true],"woocommerce_single":["https:\/\/i0.wp.com\/www.emmanuelastier.com\/wp-content\/uploads\/2018\/06\/152794345241DTvBIUm1L.jpg?fit=500%2C410&ssl=1",500,410,true],"woocommerce_gallery_thumbnail":["https:\/\/i0.wp.com\/www.emmanuelastier.com\/wp-content\/uploads\/2018\/06\/152794345241DTvBIUm1L.jpg?resize=100%2C100&ssl=1",100,100,true]},"uagb_author_info":{"display_name":"emmanuelastier37","author_link":"https:\/\/www.emmanuelastier.com\/index.php\/author\/"},"uagb_comment_info":0,"uagb_excerpt":"\u00c0 propos de cet article \ud83c\udfa7 \u3010High-performance sound quality\u3011 : Le casque est dot\u00e9 d'une puce int\u00e9gr\u00e9e de haute qualit\u00e9 qui r\u00e9duit la perte de transmission du son. D\u00e9livre un son de haute qualit\u00e9, des basses \u00e9quilibr\u00e9es et puissantes, des aigus et des m\u00e9diums clairs qui am\u00e9liorent votre exp\u00e9rience d'\u00e9coute globale. \ud83c\udfa7 \u3010Stronger quality\u3011 :\u2026","jetpack_sharing_enabled":true,"jetpack-related-posts":[{"id":25365,"url":"https:\/\/www.emmanuelastier.com\/index.php\/produit\/patch-anti-ondes-portables-6-pieces-autocollants-pour-telephones-portables-auto-adhesif-protection-efficace-contre-les-ondes-wi-fi-et-5g-pour-telephones-tablettes-et-pc\/","url_meta":{"origin":12634,"position":0},"title":"Patch Anti Ondes Portables 6 Pi\u00e8ces Autocollants Pour T\u00e9l\u00e9phones Portables Auto-adh\u00e9sif Protection Efficace Contre Les Ondes Wi-FI et 5G pour T\u00e9l\u00e9phones Tablettes et PC","author":"emmanuelastier37","date":"26 novembre 2024","format":false,"excerpt":"Nos autocollants peuvent absorber et \u00e9liminer efficacement les ondes WiFi 5G et EMF mena\u00e7antes \u00e9mises par vos appareils \u00e9lectroniques pr\u00e9f\u00e9r\u00e9s. \u00a0 Le blindage contre les rayonnements EMF ne se d\u00e9grade pas et sa longue dur\u00e9e de vie ne n\u00e9cessite pas de remplacement chaque ann\u00e9e. \u00a0 Ces autocollants anti-radiations pour t\u00e9l\u00e9phones\u2026","rel":"","context":"Article similaire","block_context":{"text":"Article similaire","link":""},"img":{"alt_text":"","src":"https:\/\/i0.wp.com\/www.emmanuelastier.com\/wp-content\/uploads\/2024\/11\/patch-ondes-1.jpg?fit=1196%2C1200&ssl=1&resize=350%2C200","width":350,"height":200,"srcset":"https:\/\/i0.wp.com\/www.emmanuelastier.com\/wp-content\/uploads\/2024\/11\/patch-ondes-1.jpg?fit=1196%2C1200&ssl=1&resize=350%2C200 1x, https:\/\/i0.wp.com\/www.emmanuelastier.com\/wp-content\/uploads\/2024\/11\/patch-ondes-1.jpg?fit=1196%2C1200&ssl=1&resize=525%2C300 1.5x, https:\/\/i0.wp.com\/www.emmanuelastier.com\/wp-content\/uploads\/2024\/11\/patch-ondes-1.jpg?fit=1196%2C1200&ssl=1&resize=700%2C400 2x, https:\/\/i0.wp.com\/www.emmanuelastier.com\/wp-content\/uploads\/2024\/11\/patch-ondes-1.jpg?fit=1196%2C1200&ssl=1&resize=1050%2C600 3x"},"classes":[]},{"id":25358,"url":"https:\/\/www.emmanuelastier.com\/index.php\/produit\/bougies-doreilles-bougies-auriculaires-en-cire-dabeille-100-naturelle-et-biologique-cones-de-bougie-pour-le-nettoyage-doreille-bloquee-kit-de-bougies-de-10-pieces-avec-5-d\/","url_meta":{"origin":12634,"position":1},"title":"Bougies d\u2019Oreilles, Bougies Auriculaires en Cire d\u2019Abeille 100% Naturelle et Biologique, C\u00f4nes de Bougie pour le Nettoyage d\u2019Oreille Bloqu\u00e9e kit de Bougies de 10 pi\u00e8ces avec 5 Disques de Protection","author":"emmanuelastier37","date":"26 novembre 2024","format":false,"excerpt":"\u2705 Qualit\u00e9 et respect de la nature : Nos bougies auriculaires sont fabriqu\u00e9es \u00e0 partir de composants v\u00e9g\u00e9taux organiques de haute qualit\u00e9 la cire d\u2019abeille et le coton utilis\u00e9s sont 100% naturels et sans pesticides, la cire d\u2019abeille de ces bougies d\u2019oreilles br\u00fble uniform\u00e9ment, sans fumer ni cendre, le parfum\u2026","rel":"","context":"Article similaire","block_context":{"text":"Article similaire","link":""},"img":{"alt_text":"","src":"https:\/\/i0.wp.com\/www.emmanuelastier.com\/wp-content\/uploads\/2024\/11\/bougie-oreille-kit-amazon-1.jpg?fit=1000%2C1000&ssl=1&resize=350%2C200","width":350,"height":200,"srcset":"https:\/\/i0.wp.com\/www.emmanuelastier.com\/wp-content\/uploads\/2024\/11\/bougie-oreille-kit-amazon-1.jpg?fit=1000%2C1000&ssl=1&resize=350%2C200 1x, https:\/\/i0.wp.com\/www.emmanuelastier.com\/wp-content\/uploads\/2024\/11\/bougie-oreille-kit-amazon-1.jpg?fit=1000%2C1000&ssl=1&resize=525%2C300 1.5x, https:\/\/i0.wp.com\/www.emmanuelastier.com\/wp-content\/uploads\/2024\/11\/bougie-oreille-kit-amazon-1.jpg?fit=1000%2C1000&ssl=1&resize=700%2C400 2x"},"classes":[]},{"id":12636,"url":"https:\/\/www.emmanuelastier.com\/index.php\/produit\/rouleau-de-5-m-de-bandes-reactives-alcavida-de-haute-precision-pour-mesurer-le-ph-corporel-par-la-salive-et-lurine\/","url_meta":{"origin":12634,"position":2},"title":"Rouleau de 5\u00a0m de bandes r\u00e9actives de haute pr\u00e9cision pour mesurer le pH corporel par la salive et l\u2019urine","author":"emmanuelastier37","date":"2 juin 2018","format":false,"excerpt":"Bandes r\u00e9actives de papier dit \"Tournesol\" pour mesurer de fa\u00e7on fiable le niveau d\u2019acidit\u00e9-alcalinit\u00e9 de votre organisme par la salive ou l\u2019urine, afin que vous puissiez v\u00e9rifier comment votre pH change quand vous commencez \u00e0 vous alcaniser et ainsi modifier votre pH apr\u00e8s avoir consomm\u00e9 de l'eau alcaline et plus\u2026","rel":"","context":"Article similaire","block_context":{"text":"Article similaire","link":""},"img":{"alt_text":"","src":"https:\/\/i0.wp.com\/www.emmanuelastier.com\/wp-content\/uploads\/2018\/06\/1527943925410GyOcFixL.jpg?fit=500%2C250&ssl=1&resize=350%2C200","width":350,"height":200},"classes":[]},{"id":25372,"url":"https:\/\/www.emmanuelastier.com\/index.php\/produit\/lampe-usb-en-cristal-de-sel-dhimalaya-naturel-sphere-100-authentique-sculpte-a-la-main-base-en-bois-cable-electrique-usb-fourni-environ-500g-zenlight-orange\/","url_meta":{"origin":12634,"position":3},"title":"Lampe USB en Cristal de Sel d&rsquo;Himalaya Naturel Sph\u00e8re &#8211; 100% Authentique &#8211; Sculpt\u00e9 \u00e0 la Main \u2013 Base en Bois \u2013 C\u00e2ble \u00c9lectrique USB Fourni &#8211; Environ 500g &#8211; Zen\u2019Light, Orange","author":"emmanuelastier37","date":"26 novembre 2024","format":false,"excerpt":"Type de finition Polie Mat\u00e9riau de base Bois Dimensions du produit 8P x 8l x 8H centim\u00e8tres Type de lampe Diode \u00e9lectroluminescente Couleur de l'ombre Orange Mat\u00e9riau de l'abat-jour Sel himalayen Type d'interrupteur Tactile Style Sph\u00e8re Marque Zen Light Couleur Orange","rel":"","context":"Article similaire","block_context":{"text":"Article similaire","link":""},"img":{"alt_text":"","src":"https:\/\/i0.wp.com\/www.emmanuelastier.com\/wp-content\/uploads\/2024\/11\/lampede-sel-ronde-1.jpg?fit=1054%2C1178&ssl=1&resize=350%2C200","width":350,"height":200,"srcset":"https:\/\/i0.wp.com\/www.emmanuelastier.com\/wp-content\/uploads\/2024\/11\/lampede-sel-ronde-1.jpg?fit=1054%2C1178&ssl=1&resize=350%2C200 1x, https:\/\/i0.wp.com\/www.emmanuelastier.com\/wp-content\/uploads\/2024\/11\/lampede-sel-ronde-1.jpg?fit=1054%2C1178&ssl=1&resize=525%2C300 1.5x, https:\/\/i0.wp.com\/www.emmanuelastier.com\/wp-content\/uploads\/2024\/11\/lampede-sel-ronde-1.jpg?fit=1054%2C1178&ssl=1&resize=700%2C400 2x, https:\/\/i0.wp.com\/www.emmanuelastier.com\/wp-content\/uploads\/2024\/11\/lampede-sel-ronde-1.jpg?fit=1054%2C1178&ssl=1&resize=1050%2C600 3x"},"classes":[]},{"id":25407,"url":"https:\/\/www.emmanuelastier.com\/index.php\/produit\/coffret-10-bougies-doreille-livre-les-bougies-thermo-auriculaires-de-emmanuel-astier\/","url_meta":{"origin":12634,"position":4},"title":"coffret 10 bougies d&rsquo;oreille + livre \u00ab\u00a0Les bougies thermo auriculaires\u00a0\u00bb de Emmanuel Astier","author":"emmanuelastier37","date":"28 novembre 2024","format":false,"excerpt":"D\u00e9couvrez notre coffret exclusif : bougies auriculaires et guide complet ! Plongez dans une exp\u00e9rience unique de bien-\u00eatre gr\u00e2ce \u00e0 ce coffret exceptionnel. Il contient 10 bougies auriculaires de haute qualit\u00e9, fabriqu\u00e9es avec des mat\u00e9riaux naturels, et le livre \"Bougies Thermo-Auriculaires\" d'Emmanuel Astier. Ce guide pratique est con\u00e7u pour toute\u2026","rel":"","context":"Article similaire","block_context":{"text":"Article similaire","link":""},"img":{"alt_text":"","src":"https:\/\/i0.wp.com\/www.emmanuelastier.com\/wp-content\/uploads\/2024\/11\/bougie-3-scaled.jpg?fit=926%2C1200&ssl=1&resize=350%2C200","width":350,"height":200,"srcset":"https:\/\/i0.wp.com\/www.emmanuelastier.com\/wp-content\/uploads\/2024\/11\/bougie-3-scaled.jpg?fit=926%2C1200&ssl=1&resize=350%2C200 1x, https:\/\/i0.wp.com\/www.emmanuelastier.com\/wp-content\/uploads\/2024\/11\/bougie-3-scaled.jpg?fit=926%2C1200&ssl=1&resize=525%2C300 1.5x, https:\/\/i0.wp.com\/www.emmanuelastier.com\/wp-content\/uploads\/2024\/11\/bougie-3-scaled.jpg?fit=926%2C1200&ssl=1&resize=700%2C400 2x"},"classes":[]},{"id":19130,"url":"https:\/\/www.emmanuelastier.com\/index.php\/produit\/oresine-resine-de-pinus-pinaster-specialement-concu-pour-le-bol-dair-jacquiers\/","url_meta":{"origin":12634,"position":5},"title":"Or\u00e9sine   R\u00e9sine de Pinus pinaster , sp\u00e9cialement con\u00e7u pour le Bol d&rsquo;air Jacquiers","author":"emmanuelastier37","date":"20 mars 2020","format":false,"excerpt":"Or\u00e9sine est une huile essentielle de r\u00e9sine de pin des Landes, provenant de for\u00eats d\u2019Aquitaine et du Portugal. Elle est certifi\u00e9e biologique et respecte des crit\u00e8res de qualit\u00e9 tr\u00e8s stricts. A \u00e9t\u00e9 con\u00e7u uniquement pour l'utilisation du Bol d'air Jacquiers. 1 litre.","rel":"","context":"Article similaire","block_context":{"text":"Article similaire","link":""},"img":{"alt_text":"","src":"https:\/\/i0.wp.com\/www.emmanuelastier.com\/wp-content\/uploads\/2020\/03\/BOUTEILLE_ORESINE-e14695400733612.jpg?fit=253%2C350&ssl=1&resize=350%2C200","width":350,"height":200},"classes":[]}],"jetpack_likes_enabled":true,"_links":{"self":[{"href":"https:\/\/www.emmanuelastier.com\/index.php\/wp-json\/wp\/v2\/product\/12634","targetHints":{"allow":["GET"]}}],"collection":[{"href":"https:\/\/www.emmanuelastier.com\/index.php\/wp-json\/wp\/v2\/product"}],"about":[{"href":"https:\/\/www.emmanuelastier.com\/index.php\/wp-json\/wp\/v2\/types\/product"}],"replies":[{"embeddable":true,"href":"https:\/\/www.emmanuelastier.com\/index.php\/wp-json\/wp\/v2\/comments?post=12634"}],"wp:featuredmedia":[{"embeddable":true,"href":"https:\/\/www.emmanuelastier.com\/index.php\/wp-json\/wp\/v2\/media\/12635"}],"wp:attachment":[{"href":"https:\/\/www.emmanuelastier.com\/index.php\/wp-json\/wp\/v2\/media?parent=12634"}],"wp:term":[{"taxonomy":"product_brand","embeddable":true,"href":"https:\/\/www.emmanuelastier.com\/index.php\/wp-json\/wp\/v2\/product_brand?post=12634"},{"taxonomy":"product_cat","embeddable":true,"href":"https:\/\/www.emmanuelastier.com\/index.php\/wp-json\/wp\/v2\/product_cat?post=12634"},{"taxonomy":"product_tag","embeddable":true,"href":"https:\/\/www.emmanuelastier.com\/index.php\/wp-json\/wp\/v2\/product_tag?post=12634"}],"curies":[{"name":"wp","href":"https:\/\/api.w.org\/{rel}","templated":true}]}}